{"id":4536,"date":"2026-03-30T08:17:39","date_gmt":"2026-03-30T08:17:39","guid":{"rendered":"https:\/\/hdproto.com\/?page_id=4536"},"modified":"2026-03-30T08:21:24","modified_gmt":"2026-03-30T08:21:24","slug":"structural-aluminum-parts-cnc","status":"publish","type":"page","link":"https:\/\/hdproto.com\/de\/structural-aluminum-parts-cnc\/","title":{"rendered":"CNC-Strukturteile aus Aluminium"},"content":{"rendered":"<div class=\"wp-block-uagb-container uagb-block-lj8wwza2 alignfull uagb-is-root-container\"><div class=\"uagb-container-inner-blocks-wrap\">\n<div class=\"wp-block-uagb-container uagb-block-4tegakei\">\n<div class=\"wp-block-uagb-info-box uagb-block-xt9hgirp uagb-infobox__content-wrap  uagb-infobox-icon-above-title uagb-infobox-image-valign-top\"><div class=\"uagb-ifb-content\"><div class=\"uagb-ifb-title-wrap\"><p class=\"uagb-ifb-title-prefix\">Jetzt handeln!<\/p><h2 class=\"uagb-ifb-title\">Starten Sie Ihr Aluminiumprojekt noch heute!<\/h2><\/div><p class=\"uagb-ifb-desc\">Erhalten Sie pr\u00e4zisionsgefertigte CNC-bearbeitete Strukturaluminiumteile mit engen Toleranzen, schneller Durchlaufzeit und Qualit\u00e4t auf Automobilniveau. Von Prototypen bis zu mittleren St\u00fcckzahlen - wir liefern leichte, hochfeste Komponenten genau nach Ihren Vorgaben.<\/p><\/div><\/div>\n\n\n\n<div class=\"wp-block-uagb-buttons uagb-buttons__outer-wrap uagb-btn__default-btn uagb-btn-tablet__default-btn uagb-btn-mobile__default-btn uagb-block-tbtoxcq2\"><div class=\"uagb-buttons__wrap uagb-buttons-layout-wrap\"><\/div><\/div>\n\n\n\n<div class=\"wp-block-uagb-buttons uagb-buttons__outer-wrap uagb-btn__default-btn uagb-btn-tablet__default-btn uagb-btn-mobile__default-btn uagb-block-9a1bdc14\"><div class=\"uagb-buttons__wrap uagb-buttons-layout-wrap\">\n<div class=\"wp-block-uagb-buttons-child uagb-buttons__outer-wrap uagb-block-6f715169 wp-block-button\"><div class=\"uagb-button__wrapper\"><a class=\"uagb-buttons-repeater wp-block-button__link\" aria-label=\"\" href=\"https:\/\/hdproto.com\/de\/cnc-bearbeitung-kontakt\/\" rel=\"follow noopener\" target=\"_self\" role=\"button\"><div class=\"uagb-button__link\">Angebot anfordern<\/div><\/a><\/div><\/div>\n<\/div><\/div>\n<\/div>\n<\/div><\/div>\n\n\n\n<div class=\"wp-block-uagb-container uagb-block-wurl9wq1 alignfull uagb-is-root-container\"><div class=\"uagb-container-inner-blocks-wrap\">\n<div class=\"wp-block-uagb-info-box uagb-block-1omgfsau uagb-infobox__content-wrap  uagb-infobox-icon-above-title uagb-infobox-image-valign-top\"><div class=\"uagb-ifb-content\"><div class=\"uagb-ifb-title-wrap\"><h2 class=\"uagb-ifb-title\">Pr\u00e4zisionsl\u00f6sungen f\u00fcr strukturelle Aluminiumteile<\/h2><\/div><p class=\"uagb-ifb-desc\">Entdecken Sie unsere hochpr\u00e4zisen CNC-Bearbeitungsm\u00f6glichkeiten f\u00fcr strukturelle Aluminiumkomponenten. Vom Prototyp bis zur Produktion liefern wir leichte, stabile und ma\u00dfgenaue Teile, die auf Automobil- und Industrieanwendungen zugeschnitten sind.<\/p><\/div><\/div>\n\n\n\n<div class=\"wp-block-uagb-container uagb-block-dvwdldhp\">\n<div class=\"wp-block-uagb-container uagb-block-vbw72hzy\">\n<div class=\"wp-block-uagb-image alignleft uagb-block-omgfjbac wp-block-uagb-image--layout-default wp-block-uagb-image--effect-static wp-block-uagb-image--align-left\"><figure class=\"wp-block-uagb-image__figure\"><img loading=\"lazy\" decoding=\"async\" srcset=\"https:\/\/hdproto.com\/wp-content\/uploads\/2026\/03\/cnc-machined-aerospace-structural-part-1024x683.webp ,https:\/\/hdproto.com\/wp-content\/uploads\/2026\/03\/cnc-machined-aerospace-structural-part.webp 780w, https:\/\/hdproto.com\/wp-content\/uploads\/2026\/03\/cnc-machined-aerospace-structural-part.webp 360w\" sizes=\"auto, (max-width: 480px) 150px\" src=\"https:\/\/hdproto.com\/wp-content\/uploads\/2026\/03\/cnc-machined-aerospace-structural-part-1024x683.webp\" alt=\"Pr\u00e4zisions-CNC-Aluminiumteile\" class=\"uag-image-4286\" width=\"576\" height=\"400\" title=\"CNC-gefertigtes Luft- und Raumfahrt-Strukturteil\" role=\"img\"\/><\/figure><\/div>\n\n\n\n<div class=\"wp-block-uagb-info-box uagb-block-ikqmyycg uagb-infobox__content-wrap  uagb-infobox-icon-above-title uagb-infobox-image-valign-top\"><div class=\"uagb-ifb-content\"><div class=\"uagb-ifb-title-wrap\"><h3 class=\"uagb-ifb-title\">Strukturelle Klammern und Rahmen<\/h3><\/div><p class=\"uagb-ifb-desc\">Pr\u00e4zisions-CNC-gefr\u00e4ste Aluminium-Halterungen und -Strukturrahmen f\u00fcr Kfz-Fahrgestelle, Motorr\u00e4ume und Aufh\u00e4ngungssysteme. Leichte Konstruktion mit hoher Steifigkeit und engen Toleranzen f\u00fcr zuverl\u00e4ssige Leistung.<\/p><\/div><\/div>\n<\/div>\n\n\n\n<div class=\"wp-block-uagb-container uagb-block-fxemut9x\">\n<div class=\"wp-block-uagb-image alignleft uagb-block-nihqv38p wp-block-uagb-image--layout-default wp-block-uagb-image--effect-static wp-block-uagb-image--align-left\"><figure class=\"wp-block-uagb-image__figure\"><img loading=\"lazy\" decoding=\"async\" srcset=\"https:\/\/hdproto.com\/wp-content\/uploads\/2026\/01\/precision-machined-CNC-automotive-parts.jpg ,https:\/\/hdproto.com\/wp-content\/uploads\/2026\/01\/precision-machined-CNC-automotive-parts.jpg 780w, https:\/\/hdproto.com\/wp-content\/uploads\/2026\/01\/precision-machined-CNC-automotive-parts.jpg 360w\" sizes=\"auto, (max-width: 480px) 150px\" src=\"https:\/\/hdproto.com\/wp-content\/uploads\/2026\/01\/precision-machined-CNC-automotive-parts.jpg\" alt=\"Huade Precision CNC bearbeitete Automobilteile - gedrehte Aluminiumteile\" class=\"uag-image-3979\" width=\"576\" height=\"400\" title=\"Pr\u00e4zisionsgefertigte CNC-Teile f\u00fcr die Automobilindustrie\" role=\"img\"\/><\/figure><\/div>\n\n\n\n<div class=\"wp-block-uagb-info-box uagb-block-ldictmip uagb-infobox__content-wrap  uagb-infobox-icon-above-title uagb-infobox-image-valign-top\"><div class=\"uagb-ifb-content\"><div class=\"uagb-ifb-title-wrap\"><h3 class=\"uagb-ifb-title\">Montageplatten und Flansche<\/h3><\/div><p class=\"uagb-ifb-desc\">Hochpr\u00e4zise Aluminium-Montageplatten und Flanschkomponenten mit komplexen Lochmustern, Taschen und Ebenheitsanforderungen. Ideal f\u00fcr EV-Batteriesysteme, Sensorgeh\u00e4use und W\u00e4rmemanagementanwendungen.<\/p><\/div><\/div>\n<\/div>\n<\/div>\n<\/div><\/div>\n\n\n\n<div class=\"wp-block-uagb-container uagb-block-lbfo2rxb alignfull uagb-is-root-container\"><div class=\"uagb-container-inner-blocks-wrap\">\n<div class=\"wp-block-uagb-info-box uagb-block-5wjbpov3 uagb-infobox__content-wrap  uagb-infobox-icon-above-title uagb-infobox-image-valign-top wp-block-uagb-info-box--has-margin\"><div class=\"uagb-infobox-margin-wrapper\"><div class=\"uagb-ifb-content\"><div class=\"uagb-ifb-title-wrap\"><h2 class=\"uagb-ifb-title\">Sind Sie bereit f\u00fcr Ihr strukturelles Aluminiumprojekt?<\/h2><\/div><\/div><\/div><\/div>\n\n\n\n<div class=\"wp-block-uagb-container uagb-block-ocavo5vo\">\n<div class=\"wp-block-uagb-info-box uagb-block-hhudprfb uagb-infobox__content-wrap  uagb-infobox-icon-above-title uagb-infobox-image-valign-top\"><div class=\"uagb-ifb-content\"><div class=\"uagb-ifb-title-wrap\"><\/div><p class=\"uagb-ifb-desc\">Warten Sie nicht l\u00e4nger. Laden Sie noch heute Ihre Zeichnungen hoch und holen Sie sich ein schnelles Angebot f\u00fcr pr\u00e4zisionsgefertigte CNC-bearbeitete Aluminiumbauteile. Wir sind spezialisiert auf leichte, hochfeste Komponenten mit engen Toleranzen f\u00fcr Automobil-, EV- und Industrieanwendungen.<\/p><\/div><\/div>\n\n\n\n<div class=\"wp-block-uagb-buttons uagb-buttons__outer-wrap uagb-btn__default-btn uagb-btn-tablet__default-btn uagb-btn-mobile__default-btn uagb-block-1er8ome6\"><div class=\"uagb-buttons__wrap uagb-buttons-layout-wrap\">\n<div class=\"wp-block-uagb-buttons-child uagb-buttons__outer-wrap uagb-block-c55dc421 wp-block-button\"><div class=\"uagb-button__wrapper\"><a class=\"uagb-buttons-repeater wp-block-button__link\" aria-label=\"\" href=\"https:\/\/hdproto.com\/de\/cnc-bearbeitung-kontakt\/\" rel=\"follow noopener\" target=\"_self\" role=\"button\"><div class=\"uagb-button__link\">Kontaktieren Sie uns<\/div><\/a><\/div><\/div>\n<\/div><\/div>\n<\/div>\n<\/div><\/div>","protected":false},"excerpt":{"rendered":"","protected":false},"author":2,"featured_media":0,"parent":0,"menu_order":0,"comment_status":"closed","ping_status":"closed","template":"","meta":{"_acf_changed":false,"_uag_custom_page_level_css":"","site-sidebar-layout":"default","site-content-layout":"","ast-site-content-layout":"default","site-content-style":"default","site-sidebar-style":"default","ast-global-header-display":"","ast-banner-title-visibility":"","ast-main-header-display":"","ast-hfb-above-header-display":"","ast-hfb-below-header-display":"","ast-hfb-mobile-header-display":"","site-post-title":"","ast-breadcrumbs-content":"","ast-featured-img":"","footer-sml-layout":"","ast-disable-related-posts":"","theme-transparent-header-meta":"","adv-header-id-meta":"","stick-header-meta":"","header-above-stick-meta":"","header-main-stick-meta":"","header-below-stick-meta":"","astra-migrate-meta-layouts":"set","ast-page-background-enabled":"default","ast-page-background-meta":{"desktop":{"background-color":"","background-image":"","background-repeat":"repeat","background-position":"center center","background-size":"auto","background-attachment":"scroll","background-type":"","background-media":"","overlay-type":"","overlay-color":"","overlay-opacity":"","overlay-gradient":""},"tablet":{"background-color":"","background-image":"","background-repeat":"repeat","background-position":"center center","background-size":"auto","background-attachment":"scroll","background-type":"","background-media":"","overlay-type":"","overlay-color":"","overlay-opacity":"","overlay-gradient":""},"mobile":{"background-color":"","background-image":"","background-repeat":"repeat","background-position":"center center","background-size":"auto","background-attachment":"scroll","background-type":"","background-media":"","overlay-type":"","overlay-color":"","overlay-opacity":"","overlay-gradient":""}},"ast-content-background-meta":{"desktop":{"background-color":"var(--ast-global-color-5)","background-image":"","background-repeat":"repeat","background-position":"center center","background-size":"auto","background-attachment":"scroll","background-type":"","background-media":"","overlay-type":"","overlay-color":"","overlay-opacity":"","overlay-gradient":""},"tablet":{"background-color":"var(--ast-global-color-5)","background-image":"","background-repeat":"repeat","background-position":"center center","background-size":"auto","background-attachment":"scroll","background-type":"","background-media":"","overlay-type":"","overlay-color":"","overlay-opacity":"","overlay-gradient":""},"mobile":{"background-color":"var(--ast-global-color-5)","background-image":"","background-repeat":"repeat","background-position":"center center","background-size":"auto","background-attachment":"scroll","background-type":"","background-media":"","overlay-type":"","overlay-color":"","overlay-opacity":"","overlay-gradient":""}},"footnotes":""},"class_list":["post-4536","page","type-page","status-publish","hentry"],"acf":[],"uagb_featured_image_src":{"full":false,"thumbnail":false,"medium":false,"medium_large":false,"large":false,"1536x1536":false,"2048x2048":false,"trp-custom-language-flag":false},"uagb_author_info":{"display_name":"Huade CNC","author_link":"https:\/\/hdproto.com\/de\/author\/sales\/"},"uagb_comment_info":0,"uagb_excerpt":null,"_links":{"self":[{"href":"https:\/\/hdproto.com\/de\/wp-json\/wp\/v2\/pages\/4536","targetHints":{"allow":["GET"]}}],"collection":[{"href":"https:\/\/hdproto.com\/de\/wp-json\/wp\/v2\/pages"}],"about":[{"href":"https:\/\/hdproto.com\/de\/wp-json\/wp\/v2\/types\/page"}],"author":[{"embeddable":true,"href":"https:\/\/hdproto.com\/de\/wp-json\/wp\/v2\/users\/2"}],"replies":[{"embeddable":true,"href":"https:\/\/hdproto.com\/de\/wp-json\/wp\/v2\/comments?post=4536"}],"version-history":[{"count":3,"href":"https:\/\/hdproto.com\/de\/wp-json\/wp\/v2\/pages\/4536\/revisions"}],"predecessor-version":[{"id":4540,"href":"https:\/\/hdproto.com\/de\/wp-json\/wp\/v2\/pages\/4536\/revisions\/4540"}],"wp:attachment":[{"href":"https:\/\/hdproto.com\/de\/wp-json\/wp\/v2\/media?parent=4536"}],"curies":[{"name":"wp","href":"https:\/\/api.w.org\/{rel}","templated":true}]}}