{"id":4536,"date":"2026-03-30T08:17:39","date_gmt":"2026-03-30T08:17:39","guid":{"rendered":"https:\/\/hdproto.com\/?page_id=4536"},"modified":"2026-03-30T08:21:24","modified_gmt":"2026-03-30T08:21:24","slug":"structural-aluminum-parts-cnc","status":"publish","type":"page","link":"https:\/\/hdproto.com\/fr\/structural-aluminum-parts-cnc\/","title":{"rendered":"Pi\u00e8ces structurelles en aluminium CNC"},"content":{"rendered":"<div class=\"wp-block-uagb-container uagb-block-lj8wwza2 alignfull uagb-is-root-container\"><div class=\"uagb-container-inner-blocks-wrap\">\n<div class=\"wp-block-uagb-container uagb-block-4tegakei\">\n<div class=\"wp-block-uagb-info-box uagb-block-xt9hgirp uagb-infobox__content-wrap  uagb-infobox-icon-above-title uagb-infobox-image-valign-top\"><div class=\"uagb-ifb-content\"><div class=\"uagb-ifb-title-wrap\"><p class=\"uagb-ifb-title-prefix\">Agissez d\u00e8s maintenant<\/p><h2 class=\"uagb-ifb-title\">Commencez votre projet d'aluminium structurel d\u00e8s aujourd'hui !<\/h2><\/div><p class=\"uagb-ifb-desc\">Obtenez des pi\u00e8ces structurelles en aluminium usin\u00e9es par CNC avec des tol\u00e9rances serr\u00e9es, des d\u00e9lais d'ex\u00e9cution rapides et une qualit\u00e9 de niveau automobile. Des prototypes \u00e0 la production en moyenne s\u00e9rie, nous fournissons des composants l\u00e9gers et tr\u00e8s r\u00e9sistants r\u00e9pondant exactement \u00e0 vos sp\u00e9cifications...<\/p><\/div><\/div>\n\n\n\n<div class=\"wp-block-uagb-buttons uagb-buttons__outer-wrap uagb-btn__default-btn uagb-btn-tablet__default-btn uagb-btn-mobile__default-btn uagb-block-tbtoxcq2\"><div class=\"uagb-buttons__wrap uagb-buttons-layout-wrap\"><\/div><\/div>\n\n\n\n<div class=\"wp-block-uagb-buttons uagb-buttons__outer-wrap uagb-btn__default-btn uagb-btn-tablet__default-btn uagb-btn-mobile__default-btn uagb-block-9a1bdc14\"><div class=\"uagb-buttons__wrap uagb-buttons-layout-wrap\">\n<div class=\"wp-block-uagb-buttons-child uagb-buttons__outer-wrap uagb-block-6f715169 wp-block-button\"><div class=\"uagb-button__wrapper\"><a class=\"uagb-buttons-repeater wp-block-button__link\" aria-label=\"\" href=\"https:\/\/hdproto.com\/fr\/contact-usinage-cnc\/\" rel=\"follow noopener\" target=\"_self\" role=\"button\"><div class=\"uagb-button__link\">Obtenez un devis<\/div><\/a><\/div><\/div>\n<\/div><\/div>\n<\/div>\n<\/div><\/div>\n\n\n\n<div class=\"wp-block-uagb-container uagb-block-wurl9wq1 alignfull uagb-is-root-container\"><div class=\"uagb-container-inner-blocks-wrap\">\n<div class=\"wp-block-uagb-info-box uagb-block-1omgfsau uagb-infobox__content-wrap  uagb-infobox-icon-above-title uagb-infobox-image-valign-top\"><div class=\"uagb-ifb-content\"><div class=\"uagb-ifb-title-wrap\"><h2 class=\"uagb-ifb-title\">Solutions de pr\u00e9cision pour les pi\u00e8ces structurelles en aluminium<\/h2><\/div><p class=\"uagb-ifb-desc\">D\u00e9couvrez nos capacit\u00e9s d'usinage CNC de haute pr\u00e9cision pour les composants structurels en aluminium. Des prototypes \u00e0 la production, nous fournissons des pi\u00e8ces l\u00e9g\u00e8res, solides et dimensionnellement pr\u00e9cises, con\u00e7ues pour des applications automobiles et industrielles.<\/p><\/div><\/div>\n\n\n\n<div class=\"wp-block-uagb-container uagb-block-dvwdldhp\">\n<div class=\"wp-block-uagb-container uagb-block-vbw72hzy\">\n<div class=\"wp-block-uagb-image alignleft uagb-block-omgfjbac wp-block-uagb-image--layout-default wp-block-uagb-image--effect-static wp-block-uagb-image--align-left\"><figure class=\"wp-block-uagb-image__figure\"><img loading=\"lazy\" decoding=\"async\" srcset=\"https:\/\/hdproto.com\/wp-content\/uploads\/2026\/03\/cnc-machined-aerospace-structural-part-1024x683.webp ,https:\/\/hdproto.com\/wp-content\/uploads\/2026\/03\/cnc-machined-aerospace-structural-part.webp 780w, https:\/\/hdproto.com\/wp-content\/uploads\/2026\/03\/cnc-machined-aerospace-structural-part.webp 360w\" sizes=\"auto, (max-width: 480px) 150px\" src=\"https:\/\/hdproto.com\/wp-content\/uploads\/2026\/03\/cnc-machined-aerospace-structural-part-1024x683.webp\" alt=\"pi\u00e8ces de pr\u00e9cision en aluminium CNC\" class=\"uag-image-4286\" width=\"576\" height=\"400\" title=\"Pi\u00e8ce de structure a\u00e9rospatiale usin\u00e9e par cnc\" role=\"img\"\/><\/figure><\/div>\n\n\n\n<div class=\"wp-block-uagb-info-box uagb-block-ikqmyycg uagb-infobox__content-wrap  uagb-infobox-icon-above-title uagb-infobox-image-valign-top\"><div class=\"uagb-ifb-content\"><div class=\"uagb-ifb-title-wrap\"><h3 class=\"uagb-ifb-title\">Supports et cadres structurels<\/h3><\/div><p class=\"uagb-ifb-desc\">Supports et cadres structurels en aluminium usin\u00e9s avec pr\u00e9cision par CNC pour les ch\u00e2ssis automobiles, les baies moteur et les syst\u00e8mes de suspension. Conception l\u00e9g\u00e8re avec une grande rigidit\u00e9 et des tol\u00e9rances serr\u00e9es pour des performances fiables.<\/p><\/div><\/div>\n<\/div>\n\n\n\n<div class=\"wp-block-uagb-container uagb-block-fxemut9x\">\n<div class=\"wp-block-uagb-image alignleft uagb-block-nihqv38p wp-block-uagb-image--layout-default wp-block-uagb-image--effect-static wp-block-uagb-image--align-left\"><figure class=\"wp-block-uagb-image__figure\"><img loading=\"lazy\" decoding=\"async\" srcset=\"https:\/\/hdproto.com\/wp-content\/uploads\/2026\/01\/precision-machined-CNC-automotive-parts.jpg ,https:\/\/hdproto.com\/wp-content\/uploads\/2026\/01\/precision-machined-CNC-automotive-parts.jpg 780w, https:\/\/hdproto.com\/wp-content\/uploads\/2026\/01\/precision-machined-CNC-automotive-parts.jpg 360w\" sizes=\"auto, (max-width: 480px) 150px\" src=\"https:\/\/hdproto.com\/wp-content\/uploads\/2026\/01\/precision-machined-CNC-automotive-parts.jpg\" alt=\"Huade Precision CNC machined automotive parts - turned aluminum part\" class=\"uag-image-3979\" width=\"576\" height=\"400\" title=\"pi\u00e8ces automobiles CNC usin\u00e9es avec pr\u00e9cision\" role=\"img\"\/><\/figure><\/div>\n\n\n\n<div class=\"wp-block-uagb-info-box uagb-block-ldictmip uagb-infobox__content-wrap  uagb-infobox-icon-above-title uagb-infobox-image-valign-top\"><div class=\"uagb-ifb-content\"><div class=\"uagb-ifb-title-wrap\"><h3 class=\"uagb-ifb-title\">Plaques et brides de montage<\/h3><\/div><p class=\"uagb-ifb-desc\">Plaques de montage et composants de bride en aluminium de haute pr\u00e9cision avec des sch\u00e9mas de per\u00e7age complexes, des poches et des exigences de plan\u00e9it\u00e9. Id\u00e9al pour les syst\u00e8mes de batteries de v\u00e9hicules \u00e9lectriques, les bo\u00eetiers de capteurs et les applications de gestion thermique.<\/p><\/div><\/div>\n<\/div>\n<\/div>\n<\/div><\/div>\n\n\n\n<div class=\"wp-block-uagb-container uagb-block-lbfo2rxb alignfull uagb-is-root-container\"><div class=\"uagb-container-inner-blocks-wrap\">\n<div class=\"wp-block-uagb-info-box uagb-block-5wjbpov3 uagb-infobox__content-wrap  uagb-infobox-icon-above-title uagb-infobox-image-valign-top wp-block-uagb-info-box--has-margin\"><div class=\"uagb-infobox-margin-wrapper\"><div class=\"uagb-ifb-content\"><div class=\"uagb-ifb-title-wrap\"><h2 class=\"uagb-ifb-title\">Pr\u00eat \u00e0 d\u00e9marrer votre projet d'aluminium structurel ?<\/h2><\/div><\/div><\/div><\/div>\n\n\n\n<div class=\"wp-block-uagb-container uagb-block-ocavo5vo\">\n<div class=\"wp-block-uagb-info-box uagb-block-hhudprfb uagb-infobox__content-wrap  uagb-infobox-icon-above-title uagb-infobox-image-valign-top\"><div class=\"uagb-ifb-content\"><div class=\"uagb-ifb-title-wrap\"><\/div><p class=\"uagb-ifb-desc\">N'attendez plus. T\u00e9l\u00e9chargez vos dessins d\u00e8s aujourd'hui et obtenez un devis rapide pour des pi\u00e8ces structurelles en aluminium usin\u00e9es CNC de pr\u00e9cision. Nous sommes sp\u00e9cialis\u00e9s dans les composants l\u00e9gers, \u00e0 haute r\u00e9sistance et aux tol\u00e9rances serr\u00e9es pour les applications automobiles, \u00e9lectroniques et industrielles.<\/p><\/div><\/div>\n\n\n\n<div class=\"wp-block-uagb-buttons uagb-buttons__outer-wrap uagb-btn__default-btn uagb-btn-tablet__default-btn uagb-btn-mobile__default-btn uagb-block-1er8ome6\"><div class=\"uagb-buttons__wrap uagb-buttons-layout-wrap\">\n<div class=\"wp-block-uagb-buttons-child uagb-buttons__outer-wrap uagb-block-c55dc421 wp-block-button\"><div class=\"uagb-button__wrapper\"><a class=\"uagb-buttons-repeater wp-block-button__link\" aria-label=\"\" href=\"https:\/\/hdproto.com\/fr\/contact-usinage-cnc\/\" rel=\"follow noopener\" target=\"_self\" role=\"button\"><div class=\"uagb-button__link\">Contactez-nous<\/div><\/a><\/div><\/div>\n<\/div><\/div>\n<\/div>\n<\/div><\/div>","protected":false},"excerpt":{"rendered":"","protected":false},"author":2,"featured_media":0,"parent":0,"menu_order":0,"comment_status":"closed","ping_status":"closed","template":"","meta":{"_acf_changed":false,"_uag_custom_page_level_css":"","site-sidebar-layout":"default","site-content-layout":"","ast-site-content-layout":"default","site-content-style":"default","site-sidebar-style":"default","ast-global-header-display":"","ast-banner-title-visibility":"","ast-main-header-display":"","ast-hfb-above-header-display":"","ast-hfb-below-header-display":"","ast-hfb-mobile-header-display":"","site-post-title":"","ast-breadcrumbs-content":"","ast-featured-img":"","footer-sml-layout":"","ast-disable-related-posts":"","theme-transparent-header-meta":"","adv-header-id-meta":"","stick-header-meta":"","header-above-stick-meta":"","header-main-stick-meta":"","header-below-stick-meta":"","astra-migrate-meta-layouts":"set","ast-page-background-enabled":"default","ast-page-background-meta":{"desktop":{"background-color":"","background-image":"","background-repeat":"repeat","background-position":"center center","background-size":"auto","background-attachment":"scroll","background-type":"","background-media":"","overlay-type":"","overlay-color":"","overlay-opacity":"","overlay-gradient":""},"tablet":{"background-color":"","background-image":"","background-repeat":"repeat","background-position":"center center","background-size":"auto","background-attachment":"scroll","background-type":"","background-media":"","overlay-type":"","overlay-color":"","overlay-opacity":"","overlay-gradient":""},"mobile":{"background-color":"","background-image":"","background-repeat":"repeat","background-position":"center center","background-size":"auto","background-attachment":"scroll","background-type":"","background-media":"","overlay-type":"","overlay-color":"","overlay-opacity":"","overlay-gradient":""}},"ast-content-background-meta":{"desktop":{"background-color":"var(--ast-global-color-5)","background-image":"","background-repeat":"repeat","background-position":"center center","background-size":"auto","background-attachment":"scroll","background-type":"","background-media":"","overlay-type":"","overlay-color":"","overlay-opacity":"","overlay-gradient":""},"tablet":{"background-color":"var(--ast-global-color-5)","background-image":"","background-repeat":"repeat","background-position":"center center","background-size":"auto","background-attachment":"scroll","background-type":"","background-media":"","overlay-type":"","overlay-color":"","overlay-opacity":"","overlay-gradient":""},"mobile":{"background-color":"var(--ast-global-color-5)","background-image":"","background-repeat":"repeat","background-position":"center center","background-size":"auto","background-attachment":"scroll","background-type":"","background-media":"","overlay-type":"","overlay-color":"","overlay-opacity":"","overlay-gradient":""}},"footnotes":""},"class_list":["post-4536","page","type-page","status-publish","hentry"],"acf":[],"uagb_featured_image_src":{"full":false,"thumbnail":false,"medium":false,"medium_large":false,"large":false,"1536x1536":false,"2048x2048":false,"trp-custom-language-flag":false},"uagb_author_info":{"display_name":"Huade CNC","author_link":"https:\/\/hdproto.com\/fr\/author\/sales\/"},"uagb_comment_info":0,"uagb_excerpt":null,"_links":{"self":[{"href":"https:\/\/hdproto.com\/fr\/wp-json\/wp\/v2\/pages\/4536","targetHints":{"allow":["GET"]}}],"collection":[{"href":"https:\/\/hdproto.com\/fr\/wp-json\/wp\/v2\/pages"}],"about":[{"href":"https:\/\/hdproto.com\/fr\/wp-json\/wp\/v2\/types\/page"}],"author":[{"embeddable":true,"href":"https:\/\/hdproto.com\/fr\/wp-json\/wp\/v2\/users\/2"}],"replies":[{"embeddable":true,"href":"https:\/\/hdproto.com\/fr\/wp-json\/wp\/v2\/comments?post=4536"}],"version-history":[{"count":3,"href":"https:\/\/hdproto.com\/fr\/wp-json\/wp\/v2\/pages\/4536\/revisions"}],"predecessor-version":[{"id":4540,"href":"https:\/\/hdproto.com\/fr\/wp-json\/wp\/v2\/pages\/4536\/revisions\/4540"}],"wp:attachment":[{"href":"https:\/\/hdproto.com\/fr\/wp-json\/wp\/v2\/media?parent=4536"}],"curies":[{"name":"wp","href":"https:\/\/api.w.org\/{rel}","templated":true}]}}