{"id":4536,"date":"2026-03-30T08:17:39","date_gmt":"2026-03-30T08:17:39","guid":{"rendered":"https:\/\/hdproto.com\/?page_id=4536"},"modified":"2026-03-30T08:21:24","modified_gmt":"2026-03-30T08:21:24","slug":"structural-aluminum-parts-cnc","status":"publish","type":"page","link":"https:\/\/hdproto.com\/pt\/structural-aluminum-parts-cnc\/","title":{"rendered":"Pe\u00e7as de alum\u00ednio estrutural CNC"},"content":{"rendered":"<div class=\"wp-block-uagb-container uagb-block-lj8wwza2 alignfull uagb-is-root-container\"><div class=\"uagb-container-inner-blocks-wrap\">\n<div class=\"wp-block-uagb-container uagb-block-4tegakei\">\n<div class=\"wp-block-uagb-info-box uagb-block-xt9hgirp uagb-infobox__content-wrap  uagb-infobox-icon-above-title uagb-infobox-image-valign-top\"><div class=\"uagb-ifb-content\"><div class=\"uagb-ifb-title-wrap\"><p class=\"uagb-ifb-title-prefix\">Aja agora mesmo!<\/p><h2 class=\"uagb-ifb-title\">Inicie seu projeto de alum\u00ednio estrutural hoje mesmo!<\/h2><\/div><p class=\"uagb-ifb-desc\">Obtenha pe\u00e7as de alum\u00ednio estrutural usinadas com CNC de precis\u00e3o com toler\u00e2ncias r\u00edgidas, retorno r\u00e1pido e qualidade de n\u00edvel automotivo. De prot\u00f3tipos a produ\u00e7\u00e3o de m\u00e9dio volume, fornecemos componentes leves e de alta resist\u00eancia exatamente de acordo com suas especifica\u00e7\u00f5es...<\/p><\/div><\/div>\n\n\n\n<div class=\"wp-block-uagb-buttons uagb-buttons__outer-wrap uagb-btn__default-btn uagb-btn-tablet__default-btn uagb-btn-mobile__default-btn uagb-block-tbtoxcq2\"><div class=\"uagb-buttons__wrap uagb-buttons-layout-wrap\"><\/div><\/div>\n\n\n\n<div class=\"wp-block-uagb-buttons uagb-buttons__outer-wrap uagb-btn__default-btn uagb-btn-tablet__default-btn uagb-btn-mobile__default-btn uagb-block-9a1bdc14\"><div class=\"uagb-buttons__wrap uagb-buttons-layout-wrap\">\n<div class=\"wp-block-uagb-buttons-child uagb-buttons__outer-wrap uagb-block-6f715169 wp-block-button\"><div class=\"uagb-button__wrapper\"><a class=\"uagb-buttons-repeater wp-block-button__link\" aria-label=\"\" href=\"https:\/\/hdproto.com\/pt\/contato-usinagem-cnc\/\" rel=\"follow noopener\" target=\"_self\" role=\"button\"><div class=\"uagb-button__link\">Solicite um or\u00e7amento<\/div><\/a><\/div><\/div>\n<\/div><\/div>\n<\/div>\n<\/div><\/div>\n\n\n\n<div class=\"wp-block-uagb-container uagb-block-wurl9wq1 alignfull uagb-is-root-container\"><div class=\"uagb-container-inner-blocks-wrap\">\n<div class=\"wp-block-uagb-info-box uagb-block-1omgfsau uagb-infobox__content-wrap  uagb-infobox-icon-above-title uagb-infobox-image-valign-top\"><div class=\"uagb-ifb-content\"><div class=\"uagb-ifb-title-wrap\"><h2 class=\"uagb-ifb-title\">Solu\u00e7\u00f5es de precis\u00e3o para pe\u00e7as estruturais de alum\u00ednio<\/h2><\/div><p class=\"uagb-ifb-desc\">Explore nossos recursos de usinagem CNC de alta precis\u00e3o para componentes estruturais de alum\u00ednio. Desde prot\u00f3tipos at\u00e9 a produ\u00e7\u00e3o, fornecemos pe\u00e7as leves, resistentes e dimensionalmente precisas, feitas sob medida para aplica\u00e7\u00f5es automotivas e industriais.<\/p><\/div><\/div>\n\n\n\n<div class=\"wp-block-uagb-container uagb-block-dvwdldhp\">\n<div class=\"wp-block-uagb-container uagb-block-vbw72hzy\">\n<div class=\"wp-block-uagb-image alignleft uagb-block-omgfjbac wp-block-uagb-image--layout-default wp-block-uagb-image--effect-static wp-block-uagb-image--align-left\"><figure class=\"wp-block-uagb-image__figure\"><img loading=\"lazy\" decoding=\"async\" srcset=\"https:\/\/hdproto.com\/wp-content\/uploads\/2026\/03\/cnc-machined-aerospace-structural-part-1024x683.webp ,https:\/\/hdproto.com\/wp-content\/uploads\/2026\/03\/cnc-machined-aerospace-structural-part.webp 780w, https:\/\/hdproto.com\/wp-content\/uploads\/2026\/03\/cnc-machined-aerospace-structural-part.webp 360w\" sizes=\"auto, (max-width: 480px) 150px\" src=\"https:\/\/hdproto.com\/wp-content\/uploads\/2026\/03\/cnc-machined-aerospace-structural-part-1024x683.webp\" alt=\"pe\u00e7as de alum\u00ednio CNC de precis\u00e3o\" class=\"uag-image-4286\" width=\"576\" height=\"400\" title=\"pe\u00e7a estrutural aeroespacial usinada em cnc\" role=\"img\"\/><\/figure><\/div>\n\n\n\n<div class=\"wp-block-uagb-info-box uagb-block-ikqmyycg uagb-infobox__content-wrap  uagb-infobox-icon-above-title uagb-infobox-image-valign-top\"><div class=\"uagb-ifb-content\"><div class=\"uagb-ifb-title-wrap\"><h3 class=\"uagb-ifb-title\">Suportes e estruturas estruturais<\/h3><\/div><p class=\"uagb-ifb-desc\">Suportes de apoio e quadros estruturais de alum\u00ednio usinados com precis\u00e3o CNC para chassis automotivos, compartimentos de motor e sistemas de suspens\u00e3o. Design leve com alta rigidez e toler\u00e2ncias r\u00edgidas para um desempenho confi\u00e1vel.<\/p><\/div><\/div>\n<\/div>\n\n\n\n<div class=\"wp-block-uagb-container uagb-block-fxemut9x\">\n<div class=\"wp-block-uagb-image alignleft uagb-block-nihqv38p wp-block-uagb-image--layout-default wp-block-uagb-image--effect-static wp-block-uagb-image--align-left\"><figure class=\"wp-block-uagb-image__figure\"><img loading=\"lazy\" decoding=\"async\" srcset=\"https:\/\/hdproto.com\/wp-content\/uploads\/2026\/01\/precision-machined-CNC-automotive-parts.jpg ,https:\/\/hdproto.com\/wp-content\/uploads\/2026\/01\/precision-machined-CNC-automotive-parts.jpg 780w, https:\/\/hdproto.com\/wp-content\/uploads\/2026\/01\/precision-machined-CNC-automotive-parts.jpg 360w\" sizes=\"auto, (max-width: 480px) 150px\" src=\"https:\/\/hdproto.com\/wp-content\/uploads\/2026\/01\/precision-machined-CNC-automotive-parts.jpg\" alt=\"Huade Precision Pe\u00e7as automotivas usinadas em CNC - pe\u00e7as de alum\u00ednio torneadas\" class=\"uag-image-3979\" width=\"576\" height=\"400\" title=\"Pe\u00e7as automotivas CNC usinadas com precis\u00e3o\" role=\"img\"\/><\/figure><\/div>\n\n\n\n<div class=\"wp-block-uagb-info-box uagb-block-ldictmip uagb-infobox__content-wrap  uagb-infobox-icon-above-title uagb-infobox-image-valign-top\"><div class=\"uagb-ifb-content\"><div class=\"uagb-ifb-title-wrap\"><h3 class=\"uagb-ifb-title\">Placas de montagem e flanges<\/h3><\/div><p class=\"uagb-ifb-desc\">Placas de montagem de alum\u00ednio de alta precis\u00e3o e componentes de flange com padr\u00f5es complexos de furos, bolsos e requisitos de planicidade. Ideal para sistemas de baterias de ve\u00edculos el\u00e9tricos, carca\u00e7as de sensores e aplica\u00e7\u00f5es de gerenciamento t\u00e9rmico.<\/p><\/div><\/div>\n<\/div>\n<\/div>\n<\/div><\/div>\n\n\n\n<div class=\"wp-block-uagb-container uagb-block-lbfo2rxb alignfull uagb-is-root-container\"><div class=\"uagb-container-inner-blocks-wrap\">\n<div class=\"wp-block-uagb-info-box uagb-block-5wjbpov3 uagb-infobox__content-wrap  uagb-infobox-icon-above-title uagb-infobox-image-valign-top wp-block-uagb-info-box--has-margin\"><div class=\"uagb-infobox-margin-wrapper\"><div class=\"uagb-ifb-content\"><div class=\"uagb-ifb-title-wrap\"><h2 class=\"uagb-ifb-title\">Pronto para iniciar seu projeto de alum\u00ednio estrutural?<\/h2><\/div><\/div><\/div><\/div>\n\n\n\n<div class=\"wp-block-uagb-container uagb-block-ocavo5vo\">\n<div class=\"wp-block-uagb-info-box uagb-block-hhudprfb uagb-infobox__content-wrap  uagb-infobox-icon-above-title uagb-infobox-image-valign-top\"><div class=\"uagb-ifb-content\"><div class=\"uagb-ifb-title-wrap\"><\/div><p class=\"uagb-ifb-desc\">N\u00e3o espere mais. Fa\u00e7a o upload de seus desenhos hoje mesmo e obtenha uma cota\u00e7\u00e3o r\u00e1pida para pe\u00e7as de alum\u00ednio estrutural usinadas com precis\u00e3o por CNC. Somos especializados em componentes leves e de alta resist\u00eancia com toler\u00e2ncias r\u00edgidas para aplica\u00e7\u00f5es automotivas, de ve\u00edculos el\u00e9tricos e industriais.<\/p><\/div><\/div>\n\n\n\n<div class=\"wp-block-uagb-buttons uagb-buttons__outer-wrap uagb-btn__default-btn uagb-btn-tablet__default-btn uagb-btn-mobile__default-btn uagb-block-1er8ome6\"><div class=\"uagb-buttons__wrap uagb-buttons-layout-wrap\">\n<div class=\"wp-block-uagb-buttons-child uagb-buttons__outer-wrap uagb-block-c55dc421 wp-block-button\"><div class=\"uagb-button__wrapper\"><a class=\"uagb-buttons-repeater wp-block-button__link\" aria-label=\"\" href=\"https:\/\/hdproto.com\/pt\/contato-usinagem-cnc\/\" rel=\"follow noopener\" target=\"_self\" role=\"button\"><div class=\"uagb-button__link\">Contate-nos<\/div><\/a><\/div><\/div>\n<\/div><\/div>\n<\/div>\n<\/div><\/div>","protected":false},"excerpt":{"rendered":"","protected":false},"author":2,"featured_media":0,"parent":0,"menu_order":0,"comment_status":"closed","ping_status":"closed","template":"","meta":{"_acf_changed":false,"_uag_custom_page_level_css":"","site-sidebar-layout":"default","site-content-layout":"","ast-site-content-layout":"default","site-content-style":"default","site-sidebar-style":"default","ast-global-header-display":"","ast-banner-title-visibility":"","ast-main-header-display":"","ast-hfb-above-header-display":"","ast-hfb-below-header-display":"","ast-hfb-mobile-header-display":"","site-post-title":"","ast-breadcrumbs-content":"","ast-featured-img":"","footer-sml-layout":"","ast-disable-related-posts":"","theme-transparent-header-meta":"","adv-header-id-meta":"","stick-header-meta":"","header-above-stick-meta":"","header-main-stick-meta":"","header-below-stick-meta":"","astra-migrate-meta-layouts":"set","ast-page-background-enabled":"default","ast-page-background-meta":{"desktop":{"background-color":"","background-image":"","background-repeat":"repeat","background-position":"center center","background-size":"auto","background-attachment":"scroll","background-type":"","background-media":"","overlay-type":"","overlay-color":"","overlay-opacity":"","overlay-gradient":""},"tablet":{"background-color":"","background-image":"","background-repeat":"repeat","background-position":"center center","background-size":"auto","background-attachment":"scroll","background-type":"","background-media":"","overlay-type":"","overlay-color":"","overlay-opacity":"","overlay-gradient":""},"mobile":{"background-color":"","background-image":"","background-repeat":"repeat","background-position":"center center","background-size":"auto","background-attachment":"scroll","background-type":"","background-media":"","overlay-type":"","overlay-color":"","overlay-opacity":"","overlay-gradient":""}},"ast-content-background-meta":{"desktop":{"background-color":"var(--ast-global-color-5)","background-image":"","background-repeat":"repeat","background-position":"center center","background-size":"auto","background-attachment":"scroll","background-type":"","background-media":"","overlay-type":"","overlay-color":"","overlay-opacity":"","overlay-gradient":""},"tablet":{"background-color":"var(--ast-global-color-5)","background-image":"","background-repeat":"repeat","background-position":"center center","background-size":"auto","background-attachment":"scroll","background-type":"","background-media":"","overlay-type":"","overlay-color":"","overlay-opacity":"","overlay-gradient":""},"mobile":{"background-color":"var(--ast-global-color-5)","background-image":"","background-repeat":"repeat","background-position":"center center","background-size":"auto","background-attachment":"scroll","background-type":"","background-media":"","overlay-type":"","overlay-color":"","overlay-opacity":"","overlay-gradient":""}},"footnotes":""},"class_list":["post-4536","page","type-page","status-publish","hentry"],"acf":[],"uagb_featured_image_src":{"full":false,"thumbnail":false,"medium":false,"medium_large":false,"large":false,"1536x1536":false,"2048x2048":false,"trp-custom-language-flag":false},"uagb_author_info":{"display_name":"Huade CNC","author_link":"https:\/\/hdproto.com\/pt\/author\/sales\/"},"uagb_comment_info":0,"uagb_excerpt":null,"_links":{"self":[{"href":"https:\/\/hdproto.com\/pt\/wp-json\/wp\/v2\/pages\/4536","targetHints":{"allow":["GET"]}}],"collection":[{"href":"https:\/\/hdproto.com\/pt\/wp-json\/wp\/v2\/pages"}],"about":[{"href":"https:\/\/hdproto.com\/pt\/wp-json\/wp\/v2\/types\/page"}],"author":[{"embeddable":true,"href":"https:\/\/hdproto.com\/pt\/wp-json\/wp\/v2\/users\/2"}],"replies":[{"embeddable":true,"href":"https:\/\/hdproto.com\/pt\/wp-json\/wp\/v2\/comments?post=4536"}],"version-history":[{"count":3,"href":"https:\/\/hdproto.com\/pt\/wp-json\/wp\/v2\/pages\/4536\/revisions"}],"predecessor-version":[{"id":4540,"href":"https:\/\/hdproto.com\/pt\/wp-json\/wp\/v2\/pages\/4536\/revisions\/4540"}],"wp:attachment":[{"href":"https:\/\/hdproto.com\/pt\/wp-json\/wp\/v2\/media?parent=4536"}],"curies":[{"name":"wp","href":"https:\/\/api.w.org\/{rel}","templated":true}]}}